{"id":697,"date":"2019-06-28T13:08:57","date_gmt":"2019-06-28T13:08:57","guid":{"rendered":"https:\/\/visitsutivan.com\/plaze\/"},"modified":"2021-02-17T17:50:57","modified_gmt":"2021-02-17T17:50:57","slug":"plaze","status":"publish","type":"page","link":"https:\/\/visitsutivan.com\/hr\/galerija\/plaze\/","title":{"rendered":"Pla\u017ee"},"content":{"rendered":"\n\t\t<div id=\"fws_69e7ac9792ae7\"  data-midnight=\"light\" data-top-percent=\"13%\" data-bottom-percent=\"6%\"  data-bg-mobile-hidden=\"\" class=\"wpb_row vc_row-fluid vc_row top-level full-width-section parallax_section   \"  style=\"padding-top: calc(100vw * 0.13); padding-bottom: calc(100vw * 0.06); \"><div class=\"row-bg-wrap\" data-bg-animation=\"none\"><div class=\"inner-wrap using-image\"><div class=\"row-bg using-image   \" data-parallax-speed=\"fast\" style=\"background-image: url(https:\/\/visitsutivan.com\/wp-content\/uploads\/2019\/01\/sutivan-povijest-2.jpg); background-position: left top; background-repeat: no-repeat; \"><\/div><\/div><div class=\"row-bg-overlay\" style=\"background: #5fcaf2; background: linear-gradient(to bottom,#5fcaf2 0%,#319ae0 100%);  opacity: 0.8; \"><\/div><\/div><div class=\"nectar-shape-divider-wrap no-color \" style=\" height:50px;\"  data-front=\"\" data-style=\"waves_opacity_alt\" data-position=\"bottom\" ><svg class=\"nectar-shape-divider\" fill=\"\" xmlns=\"http:\/\/www.w3.org\/2000\/svg\" viewBox=\"0 0 1000 300\" preserveAspectRatio=\"none\">  \n            <path d=\"M 1000 299 l 2 -279 c -155 -36 -310 135 -415 164 c -102.64 28.35 -149 -32 -232 -31 c -80 1 -142 53 -229 80 c -65.54 20.34 -101 15 -126 11.61 v 54.39 z\"><\/path> <path d=\"M 1000 286 l 2 -252 c -157 -43 -302 144 -405 178 c -101.11 33.38 -159 -47 -242 -46 c -80 1 -145.09 54.07 -229 87 c -65.21 25.59 -104.07 16.72 -126 10.61 v 22.39 z\"><\/path> <path d=\"M 1000 300 l 1 -230.29 c -217 -12.71 -300.47 129.15 -404 156.29 c -103 27 -174 -30 -257 -29 c -80 1 -130.09 37.07 -214 70 c -61.23 24 -108 15.61 -126 10.61 v 22.39 z\"><\/path>\n             <\/svg><\/div><div class=\"col span_12 light left\">\n\t<div  class=\"vc_col-sm-6 wpb_column column_container vc_column_container col no-extra-padding\"  data-t-w-inherits=\"default\" data-border-radius=\"none\" data-shadow=\"none\" data-border-animation=\"\" data-border-animation-delay=\"\" data-border-width=\"none\" data-border-style=\"solid\" data-border-color=\"\" data-bg-cover=\"\" data-padding-pos=\"all\" data-has-bg-color=\"false\" data-bg-color=\"\" data-bg-opacity=\"1\" data-hover-bg=\"\" data-hover-bg-opacity=\"1\" data-animation=\"\" data-delay=\"0\"><div class=\"column-bg-overlay\"><\/div>\n\t\t<div class=\"vc_column-inner\">\n\t\t\t<div class=\"wpb_wrapper\">\n\t\t\t\t<div class=\"nectar-split-heading\"><div class=\"heading-line\"> <div><h1>Pla\u017ee<\/h1> <\/div> <\/div><\/div>\n\t\t\t<\/div> \n\t\t<\/div>\n\t<\/div> \n\n\t<div  class=\"vc_col-sm-6 wpb_column column_container vc_column_container col no-extra-padding\"  data-t-w-inherits=\"default\" data-border-radius=\"none\" data-shadow=\"none\" data-border-animation=\"\" data-border-animation-delay=\"\" data-border-width=\"none\" data-border-style=\"solid\" data-border-color=\"\" data-bg-cover=\"\" data-padding-pos=\"all\" data-has-bg-color=\"false\" data-bg-color=\"\" data-bg-opacity=\"1\" data-hover-bg=\"\" data-hover-bg-opacity=\"1\" data-animation=\"\" data-delay=\"0\"><div class=\"column-bg-overlay\"><\/div>\n\t\t<div class=\"vc_column-inner\">\n\t\t\t<div class=\"wpb_wrapper\">\n\t\t\t\t\n\t\t\t<\/div> \n\t\t<\/div>\n\t<\/div> \n<\/div><\/div>\n\t\t<div id=\"fws_69e7ac9792fea\"  data-midnight=\"dark\" data-top-percent=\"7%\" data-bottom-percent=\"3%\"  data-bg-mobile-hidden=\"\" class=\"wpb_row vc_row-fluid vc_row standard_section   \"  style=\"padding-top: calc(100vw * 0.07); padding-bottom: calc(100vw * 0.03); \"><div class=\"row-bg-wrap\" data-bg-animation=\"none\"><div class=\"inner-wrap \"><div class=\"row-bg    \"  style=\"\"><\/div><\/div><div class=\"row-bg-overlay\" ><\/div><\/div><div class=\"col span_12 dark left\">\n\t<div  class=\"vc_col-sm-12 wpb_column column_container vc_column_container col no-extra-padding\"  data-t-w-inherits=\"default\" data-border-radius=\"none\" data-shadow=\"none\" data-border-animation=\"\" data-border-animation-delay=\"\" data-border-width=\"none\" data-border-style=\"solid\" data-border-color=\"\" data-bg-cover=\"\" data-padding-pos=\"all\" data-has-bg-color=\"false\" data-bg-color=\"\" data-bg-opacity=\"1\" data-hover-bg=\"\" data-hover-bg-opacity=\"1\" data-animation=\"\" data-delay=\"0\"><div class=\"column-bg-overlay\"><\/div>\n\t\t<div class=\"vc_column-inner\">\n\t\t\t<div class=\"wpb_wrapper\">\n\t\t\t\t\r\n    \t<div id=\"fws_69e7ac97932da\" data-midnight=\"\" data-column-margin=\"default\" data-bg-mobile-hidden=\"\" class=\"wpb_row vc_row-fluid vc_row inner_row standard_section    \"  style=\"padding-top: 0px; padding-bottom: 0px; \"><div class=\"row-bg-wrap\"> <div class=\"row-bg   \"  style=\"\"><\/div> <\/div><div class=\"col span_12  left\">\n\t<div  class=\"vc_col-sm-8 wpb_column column_container vc_column_container col no-extra-padding\"   data-t-w-inherits=\"default\" data-shadow=\"none\" data-border-radius=\"none\" data-border-animation=\"\" data-border-animation-delay=\"\" data-border-width=\"none\" data-border-style=\"solid\" data-border-color=\"\" data-bg-cover=\"\" data-padding-pos=\"all\" data-has-bg-color=\"false\" data-bg-color=\"\" data-bg-opacity=\"1\" data-hover-bg=\"\" data-hover-bg-opacity=\"1\" data-animation=\"\" data-delay=\"0\"><div class=\"column-bg-overlay\"><\/div>\n\t\t<div class=\"vc_column-inner\">\n\t\t<div class=\"wpb_wrapper\">\n\t\t\t<h2 style=\"text-align: left\" class=\"vc_custom_heading\" >Istra\u017eite pla\u017ee Sutivanske pla\u017ee<\/h2>\r\n\t<div class=\"wpb_text_column wpb_content_element \" >\r\n\t\t<div class=\"wpb_wrapper\">\r\n\t\t\t<p>Pla\u017ee u Sutivanu su \u0161ljun\u010dane psim Likve koja je pje\u0161\u0107ana pla\u017ea.<br \/>\nVa\u017eno je napomenuti da u Sutivanu se mo\u017eete bezbri\u017eno kupati sa svojim ljubimcem na pla\u017ei za pse Tatinja.<br \/>\nFKK pla\u017ea nalazi se na zapadnoj strani mjesta.<\/p>\n\r\n\t\t<\/div>\r\n\t<\/div>\r\n\n\t\t<\/div> \n\t<\/div>\n\t<\/div> \n\n\t<div  class=\"vc_col-sm-4 wpb_column column_container vc_column_container col no-extra-padding\"   data-t-w-inherits=\"default\" data-shadow=\"none\" data-border-radius=\"none\" data-border-animation=\"\" data-border-animation-delay=\"\" data-border-width=\"none\" data-border-style=\"solid\" data-border-color=\"\" data-bg-cover=\"\" data-padding-pos=\"all\" data-has-bg-color=\"false\" data-bg-color=\"\" data-bg-opacity=\"1\" data-hover-bg=\"\" data-hover-bg-opacity=\"1\" data-animation=\"\" data-delay=\"0\"><div class=\"column-bg-overlay\"><\/div>\n\t\t<div class=\"vc_column-inner\">\n\t\t<div class=\"wpb_wrapper\">\n\t\t\t<div class=\"img-with-aniamtion-wrap \" data-max-width=\"100%\" data-border-radius=\"none\"><div class=\"inner\"><img data-shadow=\"none\" data-shadow-direction=\"middle\" class=\"img-with-animation skip-lazy \" data-delay=\"0\" height=\"1010\" width=\"2717\"  data-animation=\"fade-in\" src=\"https:\/\/visitsutivan.com\/wp-content\/uploads\/2021\/02\/plajavodoravnologo.png\" srcset=\"https:\/\/visitsutivan.com\/wp-content\/uploads\/2021\/02\/plajavodoravnologo.png 2717w, https:\/\/visitsutivan.com\/wp-content\/uploads\/2021\/02\/plajavodoravnologo-300x112.png 300w, https:\/\/visitsutivan.com\/wp-content\/uploads\/2021\/02\/plajavodoravnologo-1024x381.png 1024w, https:\/\/visitsutivan.com\/wp-content\/uploads\/2021\/02\/plajavodoravnologo-768x285.png 768w, https:\/\/visitsutivan.com\/wp-content\/uploads\/2021\/02\/plajavodoravnologo-1536x571.png 1536w, https:\/\/visitsutivan.com\/wp-content\/uploads\/2021\/02\/plajavodoravnologo-2048x761.png 2048w\" sizes=\"100vw\" alt=\"\" \/><\/div><\/div>\r\n\t<div class=\"wpb_text_column wpb_content_element \" >\r\n\t\t<div class=\"wpb_wrapper\">\r\n\t\t\t<p>Istra\u017eite sve Sutivanske pla\u017ee na besplatnoj aplikaciji &#8211; Plaja<\/p>\n\r\n\t\t<\/div>\r\n\t<\/div>\r\n<a class=\"nectar-button small regular accent-color  regular-button\" style=\"\" target=\"_blank\" href=\"https:\/\/www.plaja.hr\/\" data-color-override=\"false\" data-hover-color-override=\"false\" data-hover-text-color-override=\"#fff\"><span>Preuzmite aplikaciju za pla\u017ee<\/span><\/a>\n\t\t<\/div> \n\t<\/div>\n\t<\/div> \n<\/div><\/div>\n\t\t\t<\/div> \n\t\t<\/div>\n\t<\/div> \n<\/div><\/div>\n\t\t<div id=\"fws_69e7ac9793f0e\"  data-midnight=\"dark\" data-bottom-percent=\"7%\"  data-bg-mobile-hidden=\"\" class=\"wpb_row vc_row-fluid vc_row standard_section   \"  style=\"padding-top: 0px; padding-bottom: calc(100vw * 0.07); \"><div class=\"row-bg-wrap\" data-bg-animation=\"none\"><div class=\"inner-wrap \"><div class=\"row-bg    \"  style=\"\"><\/div><\/div><div class=\"row-bg-overlay\" ><\/div><\/div><div class=\"col span_12 dark left\">\n\t<div  class=\"vc_col-sm-12 wpb_column column_container vc_column_container col no-extra-padding\"  data-t-w-inherits=\"default\" data-border-radius=\"none\" data-shadow=\"none\" data-border-animation=\"\" data-border-animation-delay=\"\" data-border-width=\"none\" data-border-style=\"solid\" data-border-color=\"\" data-bg-cover=\"\" data-padding-pos=\"all\" data-has-bg-color=\"false\" data-bg-color=\"\" data-bg-opacity=\"1\" data-hover-bg=\"\" data-hover-bg-opacity=\"1\" data-animation=\"\" data-delay=\"0\"><div class=\"column-bg-overlay\"><\/div>\n\t\t<div class=\"vc_column-inner\">\n\t\t\t<div class=\"wpb_wrapper\">\n\t\t\t\t\r\n\t<div class=\"wpb_text_column wpb_content_element \" >\r\n\t\t<div class=\"wpb_wrapper\">\r\n\t\t\t\n\n\n<div class=\"card-listing-wrapper full-width\">\n<div id=\"wpv-view-layout-901\" class=\"js-wpv-view-layout js-wpv-layout-responsive js-wpv-view-layout-901\" data-viewnumber=\"901\" data-pagination=\"{&quot;id&quot;:901,&quot;query&quot;:&quot;normal&quot;,&quot;type&quot;:&quot;disabled&quot;,&quot;effect&quot;:&quot;fade&quot;,&quot;duration&quot;:&quot;500&quot;,&quot;speed&quot;:&quot;5&quot;,&quot;pause_on_hover&quot;:&quot;disabled&quot;,&quot;stop_rollover&quot;:&quot;false&quot;,&quot;cache_pages&quot;:&quot;enabled&quot;,&quot;preload_images&quot;:&quot;enabled&quot;,&quot;preload_pages&quot;:&quot;enabled&quot;,&quot;preload_reach&quot;:&quot;1&quot;,&quot;spinner&quot;:&quot;builtin&quot;,&quot;spinner_image&quot;:&quot;https:\/\/visitsutivan.com\/wp-content\/plugins\/wp-views\/embedded\/res\/img\/ajax-loader.gif&quot;,&quot;callback_next&quot;:&quot;&quot;,&quot;manage_history&quot;:&quot;enabled&quot;,&quot;has_controls_in_form&quot;:&quot;disabled&quot;,&quot;infinite_tolerance&quot;:&quot;0&quot;,&quot;max_pages&quot;:0,&quot;page&quot;:1,&quot;base_permalink&quot;:&quot;\/hr\/wp-json\/wp\/v2\/pages\/697?wpv_view_count=901&amp;wpv_paged=WPV_PAGE_NUM&quot;,&quot;loop&quot;:{&quot;type&quot;:&quot;&quot;,&quot;name&quot;:&quot;&quot;,&quot;data&quot;:[],&quot;id&quot;:0}}\" data-permalink=\"\/hr\/wp-json\/wp\/v2\/pages\/697?wpv_view_count=901\">\n\n\t\n\t\n\t\n\t\t<div class=\"card-wrapper default-card\">\n<div class=\"card-wrapper-inner\">\n  <div class=\"card-image\" style=\"background: url('https:\/\/visitsutivan.com\/wp-content\/uploads\/2019\/06\/sutivan-15-1024x682.jpg')\"><a href=\"https:\/\/visitsutivan.com\/hr\/plaza\/majakovac\/\"><\/a><\/div>  \n  <div class=\"card-info-wrapper\">\n    <p class=\"card-title truncate\"><a href=\"https:\/\/visitsutivan.com\/hr\/plaza\/majakovac\/\">Majakovac<\/a>\n    <\/div>\n  <\/div>\n<\/div>\n\t\n\t\t<div class=\"card-wrapper default-card\">\n<div class=\"card-wrapper-inner\">\n  <div class=\"card-image\" style=\"background: url('https:\/\/visitsutivan.com\/wp-content\/uploads\/2019\/06\/sutivan-20-1024x682.jpg')\"><a href=\"https:\/\/visitsutivan.com\/hr\/plaza\/lucica\/\"><\/a><\/div>  \n  <div class=\"card-info-wrapper\">\n    <p class=\"card-title truncate\"><a href=\"https:\/\/visitsutivan.com\/hr\/plaza\/lucica\/\">Lu\u010dica<\/a>\n    <\/div>\n  <\/div>\n<\/div>\n\t\n\t\t<div class=\"card-wrapper default-card\">\n<div class=\"card-wrapper-inner\">\n  <div class=\"card-image\" style=\"background: url('https:\/\/visitsutivan.com\/wp-content\/uploads\/2019\/06\/sutivan-8-1024x682.jpg')\"><a href=\"https:\/\/visitsutivan.com\/hr\/plaza\/likva\/\"><\/a><\/div>  \n  <div class=\"card-info-wrapper\">\n    <p class=\"card-title truncate\"><a href=\"https:\/\/visitsutivan.com\/hr\/plaza\/likva\/\">Likva<\/a>\n    <\/div>\n  <\/div>\n<\/div>\n\t\n\t\t<div class=\"card-wrapper default-card\">\n<div class=\"card-wrapper-inner\">\n  <div class=\"card-image\" style=\"background: url('https:\/\/visitsutivan.com\/wp-content\/uploads\/2019\/06\/sutivan-26-1024x682.jpg')\"><a href=\"https:\/\/visitsutivan.com\/hr\/plaza\/grgina-luka\/\"><\/a><\/div>  \n  <div class=\"card-info-wrapper\">\n    <p class=\"card-title truncate\"><a href=\"https:\/\/visitsutivan.com\/hr\/plaza\/grgina-luka\/\">Grgina luka<\/a>\n    <\/div>\n  <\/div>\n<\/div>\n\t\n\t\t<div class=\"card-wrapper default-card\">\n<div class=\"card-wrapper-inner\">\n  <div class=\"card-image\" style=\"background: url('https:\/\/visitsutivan.com\/wp-content\/uploads\/2019\/06\/sutivan-2-1024x682.jpg')\"><a href=\"https:\/\/visitsutivan.com\/hr\/plaza\/prbuja\/\"><\/a><\/div>  \n  <div class=\"card-info-wrapper\">\n    <p class=\"card-title truncate\"><a href=\"https:\/\/visitsutivan.com\/hr\/plaza\/prbuja\/\">Prbuja<\/a>\n    <\/div>\n  <\/div>\n<\/div>\n\t\n\t\t<div class=\"card-wrapper default-card\">\n<div class=\"card-wrapper-inner\">\n  <div class=\"card-image\" style=\"background: url('https:\/\/visitsutivan.com\/wp-content\/uploads\/2019\/06\/sutivan-11-1024x682.jpg')\"><a href=\"https:\/\/visitsutivan.com\/hr\/plaza\/bistrica\/\"><\/a><\/div>  \n  <div class=\"card-info-wrapper\">\n    <p class=\"card-title truncate\"><a href=\"https:\/\/visitsutivan.com\/hr\/plaza\/bistrica\/\">Bistrica<\/a>\n    <\/div>\n  <\/div>\n<\/div>\n\t\n\t\t<div class=\"card-wrapper default-card\">\n<div class=\"card-wrapper-inner\">\n  <div class=\"card-image\" style=\"background: url('https:\/\/visitsutivan.com\/wp-content\/uploads\/2019\/06\/Sutivan-7-1024x683.jpg')\"><a href=\"https:\/\/visitsutivan.com\/hr\/plaza\/tatinja\/\"><\/a><\/div>  \n  <div class=\"card-info-wrapper\">\n    <p class=\"card-title truncate\"><a href=\"https:\/\/visitsutivan.com\/hr\/plaza\/tatinja\/\">Tatinja<\/a>\n    <\/div>\n  <\/div>\n<\/div>\n\t\n\t\t<div class=\"card-wrapper default-card\">\n<div class=\"card-wrapper-inner\">\n  <div class=\"card-image\" style=\"background: url('https:\/\/visitsutivan.com\/wp-content\/uploads\/2019\/06\/Sutivan-15-1024x682.jpg')\"><a href=\"https:\/\/visitsutivan.com\/hr\/plaza\/bunta\/\"><\/a><\/div>  \n  <div class=\"card-info-wrapper\">\n    <p class=\"card-title truncate\"><a href=\"https:\/\/visitsutivan.com\/hr\/plaza\/bunta\/\">Bunta<\/a>\n    <\/div>\n  <\/div>\n<\/div>\n\t\n\t\n\t\n\t\n<\/div>\n<\/div>\n\r\n\t\t<\/div>\r\n\t<\/div>\r\n\n\t\t\t<\/div> \n\t\t<\/div>\n\t<\/div> \n<\/div><\/div>\n","protected":false},"excerpt":{"rendered":"Pla\u017ee Istra\u017eite pla\u017ee Sutivanske pla\u017ee Pla\u017ee u Sutivanu su \u0161ljun\u010dane psim Likve koja je pje\u0161\u0107ana pla\u017ea. Va\u017eno je napomenuti da u Sutivanu se mo\u017eete bezbri\u017eno kupati sa svojim ljubimcem na...","protected":false},"author":2,"featured_media":0,"parent":1087,"menu_order":0,"comment_status":"closed","ping_status":"closed","template":"","meta":[],"_links":{"self":[{"href":"https:\/\/visitsutivan.com\/hr\/wp-json\/wp\/v2\/pages\/697"}],"collection":[{"href":"https:\/\/visitsutivan.com\/hr\/wp-json\/wp\/v2\/pages"}],"about":[{"href":"https:\/\/visitsutivan.com\/hr\/wp-json\/wp\/v2\/types\/page"}],"author":[{"embeddable":true,"href":"https:\/\/visitsutivan.com\/hr\/wp-json\/wp\/v2\/users\/2"}],"replies":[{"embeddable":true,"href":"https:\/\/visitsutivan.com\/hr\/wp-json\/wp\/v2\/comments?post=697"}],"version-history":[{"count":2,"href":"https:\/\/visitsutivan.com\/hr\/wp-json\/wp\/v2\/pages\/697\/revisions"}],"predecessor-version":[{"id":4684,"href":"https:\/\/visitsutivan.com\/hr\/wp-json\/wp\/v2\/pages\/697\/revisions\/4684"}],"up":[{"embeddable":true,"href":"https:\/\/visitsutivan.com\/hr\/wp-json\/wp\/v2\/pages\/1087"}],"wp:attachment":[{"href":"https:\/\/visitsutivan.com\/hr\/wp-json\/wp\/v2\/media?parent=697"}],"curies":[{"name":"wp","href":"https:\/\/api.w.org\/{rel}","templated":true}]}}