{"id":576,"date":"2019-05-13T13:40:40","date_gmt":"2019-05-13T13:40:40","guid":{"rendered":"https:\/\/visitsutivan.com\/?page_id=576"},"modified":"2020-03-17T12:23:30","modified_gmt":"2020-03-17T12:23:30","slug":"pravila-privatnosti","status":"publish","type":"page","link":"https:\/\/visitsutivan.com\/hr\/pravila-privatnosti\/","title":{"rendered":"Pravila privatnosti"},"content":{"rendered":"<h1><strong>Pravila privatnosti<\/strong><\/h1>\n<p>Turisti\u010dka zajednica Supetar je posve\u0107ena o\u010duvanju va\u0161e privatnosti. Kontaktirajte nas na <a href=\"tzosutivan@gmail.com\">tzosutivan@gmail.com<\/a>\u00a0ako imate bilo kakvih pitanja ili problema vezanih uz kori\u0161tenje Va\u0161ih osobnih podataka\u00a0\u00a0\u00a0i rado \u0107emo vam pomo\u0107i.<\/p>\n<p>Kori\u0161tenjem ove stranice ili na\u0161ih usluga pristajete na obradu va\u0161ih osobnih podataka kako je opisano u ovom Pravilniku o privatnosti.<\/p>\n<h2><\/h2>\n<h2><strong>Sadr\u017eaj<\/strong><\/h2>\n<ol>\n<li>Definicije kori\u0161tene u ovom Pravilniku<\/li>\n<li>Na\u010dela za\u0161tite podataka koje slijedimo<\/li>\n<li>Koja prava imate u vezi s va\u0161im osobnim podacima<\/li>\n<li>Koje osobne podatke prikupljamo o vama<\/li>\n<li>Kako koristimo va\u0161e osobne podatke<\/li>\n<li>Tko jo\u0161 ima pristup va\u0161im osobnim podacima<\/li>\n<li>Kako osiguravamo va\u0161e podatke<\/li>\n<li>Informacije o kola\u010di\u0107ima<\/li>\n<li>Kontakt slu\u017ebenika za za\u0161titu podataka<\/li>\n<\/ol>\n<h2><\/h2>\n<h2><strong>Definicije<\/strong><\/h2>\n<p><strong>Osobni podaci<\/strong>\u00a0\u00a0\u00a0&#8211; sve informacije koje se odnose na fizi\u010dku osobu koja je identificirana ili koja se mo\u017ee identificirati.<br \/>\n<strong>Obrada<\/strong>\u00a0\u00a0\u00a0&#8211; bilo koju operaciju ili skup operacija koje se obavljaju na osobnim podacima ili na skupovima osobnih podataka.<br \/>\n<strong>Subjekt podataka<\/strong>\u00a0\u00a0\u00a0&#8211; fizi\u010dka osoba \u010diji se osobni podaci obra\u0111uju.<br \/>\n<strong>Dijete<\/strong>\u00a0&#8211;\u00a0\u00a0\u00a0fizi\u010dka osoba mla\u0111a od 16 godina.<br \/>\n<strong>Mi \/ mi<\/strong>\u00a0(kapitalizirani ili ne) &#8211; Turisti\u010dka zajednica Supetar<strong>\u00a0<\/strong><\/p>\n<h2><\/h2>\n<h2><strong>Na\u010dela za\u0161tite podataka<\/strong><\/h2>\n<p>Obe\u0107avamo da \u0107emo slijediti sljede\u0107a na\u010dela za\u0161tite podataka:<\/p>\n<ul>\n<li>Obrada je zakonita, po\u0161tena, transparentna.Na\u0161e aktivnosti obrade imaju zakonsku osnovu.\u00a0Mi uvijek razmatramo va\u0161a prava prije obrade osobnih podataka.\u00a0Na zahtjev \u0107emo vam pru\u017eiti informacije o obradi.<\/li>\n<li>Obrada je ograni\u010dena na svrhu.Na\u0161e aktivnosti obrade odgovaraju namjeni za koju su prikupljeni osobni podaci.<\/li>\n<li>Obrada se obavlja s minimalnim podacima.Mi prikupljamo i obra\u0111ujemo minimalnu koli\u010dinu Osobnih podataka koja je potrebna za bilo koju svrhu.<\/li>\n<li>Obrada je ograni\u010dena vremenskim razdobljem.Va\u0161e osobne podatke ne\u0107emo pohranjivati \u200b\u200bdulje nego \u0161to je potrebno.<\/li>\n<li>Potrudit \u0107emo se osigurati to\u010dnost podataka.<\/li>\n<li>Potrudit \u0107emo se osigurati integritet i povjerljivost podataka.<\/li>\n<\/ul>\n<h2><\/h2>\n<h2><strong>Prava nositelja podataka<\/strong><\/h2>\n<p>Subjekt podataka ima sljede\u0107a prava:<\/p>\n<ol>\n<li>Pravo na informacije\u00a0\u00a0\u00a0&#8211; zna\u010di da imate pravo znati da li se va\u0161i osobni podaci obra\u0111uju;\u00a0koji se podaci prikupljaju, odakle se dobiva i za\u0161to i tko ih obra\u0111uje.<\/li>\n<li>Pravo na pristup\u00a0\u00a0\u00a0&#8211; \u0161to zna\u010di da imate pravo pristupa podacima prikupljenim od \/ o vama.\u00a0To uklju\u010duje i va\u0161e pravo na tra\u017eenje i dobivanje kopije prikupljenih osobnih podataka.<\/li>\n<li>Pravo na ispravak\u00a0\u00a0\u00a0&#8211; \u0161to zna\u010di da imate pravo zatra\u017eiti ispravak ili brisanje va\u0161ih osobnih podataka koji su neto\u010dni ili nepotpuni.<\/li>\n<li>Pravo na brisanje &#8211; \u0161to zna\u010di da u odre\u0111enim okolnostima mo\u017eete zatra\u017eiti da se va\u0161i osobni podaci izbri\u0161u iz na\u0161e evidencije.<\/li>\n<li>Pravo ograni\u010davanja obrade &#8211; \u0161to zna\u010di\u00a0\u00a0\u00a0kada se primjenjuju odre\u0111eni uvjeti, imate pravo ograni\u010diti obradu va\u0161ih osobnih podataka.<\/li>\n<li>Pravo na prigovor na obradu\u00a0\u00a0\u00a0&#8211; \u0161to zna\u010di da u odre\u0111enim slu\u010dajevima imate pravo prigovoriti obradi va\u0161ih osobnih podataka, na primjer u slu\u010daju izravnog marketinga.<\/li>\n<li>Pravo na prigovor na automatsku obradu\u00a0\u00a0\u00a0&#8211; \u0161to zna\u010di da imate pravo prigovoriti automatiziranoj obradi, uklju\u010duju\u0107i profiliranje;\u00a0i ne podlije\u017ee odluci koja se temelji isklju\u010divo na automatiziranoj obradi.\u00a0Ovo pravo mo\u017eete ostvariti kad god postoji ishod profiliranja koji proizvodi pravne u\u010dinke koji se odnose na vas ili koji zna\u010dajno utje\u010du na vas.<\/li>\n<li>Pravo na prenosivost podataka\u00a0\u00a0\u00a0&#8211; imate pravo dobiti svoje osobne podatke u strojno \u010ditljivom formatu ili, ako je to mogu\u0107e, kao izravan prijenos s jednog procesora na drugog.<\/li>\n<li>Pravo na podno\u0161enje prigovora\u00a0\u00a0\u00a0&#8211; u slu\u010daju da odbijemo va\u0161 zahtjev na temelju prava pristupa, pru\u017eit \u0107emo vam razlog za\u0161to.\u00a0Ako niste zadovoljni na\u010dinom na koji je va\u0161 zahtjev obra\u0111en, kontaktirajte nas.<\/li>\n<li>Pravo na pomo\u0107\u00a0nadzorno tijelo- zna\u010di da imate pravo na pomo\u0107 nadzornog tijela i pravo na druga pravna sredstva kao \u0161to je tra\u017eenje od\u0161tete.<\/li>\n<li>Pravo na povla\u010denje pristanka\u00a0\u00a0\u00a0&#8211; imate pravo povu\u0107i bilo koji pristanak za obradu va\u0161ih osobnih podataka.<strong>\u00a0<\/strong><\/li>\n<\/ol>\n<h2><\/h2>\n<h2><strong>Podaci koje prikupljamo<\/strong><\/h2>\n<h3><strong>Informacije koje ste nam dali<\/strong><\/h3>\n<p>To mo\u017ee biti va\u0161a adresa e-po\u0161te, ime, itd. &#8211; uglavnom informacije koje su potrebne za pru\u017eanje usluge ili za pobolj\u0161anje korisni\u010dkog iskustva s nama. Informacije koje nam dostavite \u010duvamo kako bismo komentirali ili izvr\u0161ili druge aktivnosti na web-lokaciji.Ove informacije uklju\u010duju, primjerice, va\u0161e ime i adresu e-po\u0161te.<\/p>\n<h3><strong>Informacije o vama automatski se prikupljaju<\/strong><\/h3>\n<p>To uklju\u010duje informacije koje se automatski spremaju u kola\u010di\u0107e i druge alate za sesije. Na primjer, va\u0161a IP adresa. Ove se informacije koriste za pobolj\u0161anje korisni\u010dkog iskustva. Kada koristite na\u0161 pogled na sadr\u017eaj na\u0161e web stranice, va\u0161e aktivnosti mogu biti zabilje\u017eene.<\/p>\n<h3><strong>Javno dostupne informacije<\/strong><\/h3>\n<p>Mo\u017eda \u0107emo prikupiti informacije o vama koje su javno dostupne.<\/p>\n<h2><\/h2>\n<h2><strong>Kako koristimo va\u0161e osobne podatke<\/strong><\/h2>\n<p>Va\u0161e osobne podatke koristimo kako bismo:<\/p>\n<ul>\n<li>pobolj\u0161ajte korisni\u010dko iskustvo;<\/li>\n<li>ispuniti obvezu prema zakonu ili ugovoru;<\/li>\n<\/ul>\n<p>Va\u0161e osobne podatke koristimo na opravdanim osnovama i \/ ili uz va\u0161u suglasnost.<\/p>\n<p>Na temelju sklapanja ugovora ili ispunjavanja ugovornih obveza, obra\u0111ujemo va\u0161e osobne podatke u sljede\u0107e svrhe:<\/p>\n<ul>\n<li>da vas identificira;<\/li>\n<li>pru\u017eiti vam uslugu;<\/li>\n<li>obavijestiti vas o vijestima;<\/li>\n<\/ul>\n<p>Sve dok nas niste obavijestili druga\u010dije, smatramo da vam nudimo usluge koje su sli\u010dne ili jednake va\u0161em pona\u0161anju prilikom pregledavanja kao na\u0161 legitimni interes.<\/p>\n<p>S va\u0161im pristankom obra\u0111ujemo va\u0161e osobne podatke u sljede\u0107e svrhe:<\/p>\n<ul>\n<li>da Vam \u0161aljemo biltene i ponude kampanje (od nas i \/ ili na\u0161ih pa\u017eljivo odabranih partnera);<\/li>\n<li>za druge svrhe za koje smo tra\u017eili va\u0161 pristanak;<\/li>\n<\/ul>\n<p>Obra\u0111ujemo va\u0161e osobne podatke kako bismo ispunili obveze koje proizlaze iz zakona i \/ ili koristili va\u0161e osobne podatke za opcije koje su predvi\u0111ene zakonom.\u00a0Zadr\u017eavamo pravo anonimizacije prikupljenih osobnih podataka i kori\u0161tenja tih podataka.Podatke \u0107emo koristiti izvan okvira ovog Pravilnika samo ako je anoniman.<\/p>\n<p>Va\u0161e osobne podatke mo\u017eemo obra\u0111ivati \u200b\u200bza dodatne svrhe koje ovdje nisu spomenute, ali su kompatibilne s izvornom svrhom za koju su podaci prikupljeni.\u00a0Da bismo to u\u010dinili, osigurat \u0107emo da:<\/p>\n<ul>\n<li>veza izme\u0111u svrhe, konteksta i prirode osobnih podataka prikladna je za daljnju obradu;<\/li>\n<li>daljnja obrada ne bi na\u0161kodila va\u0161im interesima i<\/li>\n<li>postojala bi odgovaraju\u0107a za\u0161tita za obradu.<\/li>\n<\/ul>\n<p>Obavijestit \u0107emo vas o daljnjim obradama i svrhama.<\/p>\n<h3><strong>Tko jo\u0161 mo\u017ee pristupiti va\u0161im osobnim podacima<\/strong><\/h3>\n<p>Va\u0161e osobne podatke ne dijelimo s nepoznatim osobama.\u00a0Osobni podaci o vama u nekim su slu\u010dajevima dostavljeni na\u0161im pouzdanim partnerima kako bi vam omogu\u0107ili pru\u017eanje usluge ili pobolj\u0161ali korisni\u010dko iskustvo.\u00a0Podijelili smo va\u0161e podatke s:<\/p>\n<p><strong>Povezane tre\u0107e strane:<\/strong><\/p>\n<ul>\n<li>Google Analytics<\/li>\n<li>Hubspot CRM<\/li>\n<li>Mailchimp &#8211; automatizacija marketinga<\/li>\n<\/ul>\n<h2><\/h2>\n<h2><strong>Kako osiguravamo va\u0161e podatke<\/strong><\/h2>\n<p>Trudimo se da Va\u0161i osobni podaci ostanu sigurni.\u00a0\u00a0\u00a0Koristimo sigurne protokole za komunikaciju i prijenos podataka (kao \u0161to je HTTPS).\u00a0Tamo gdje je to prikladno, koristimo anonimizaciju i pseudonimizaciju.\u00a0Pratimo na\u0161e sustave za mogu\u0107e ranjivosti i napade.<\/p>\n<p>Iako se trudimo, ne mo\u017eemo jam\u010diti sigurnost informacija.\u00a0Me\u0111utim, obe\u0107avamo da \u0107emo obavijestiti nadle\u017ena tijela o kr\u0161enjima podataka.\u00a0Tako\u0111er \u0107emo vas obavijestiti ako postoji prijetnja va\u0161im pravima ili interesima.\u00a0U\u010dinit \u0107emo sve \u0161to mo\u017eemo kako bismo sprije\u010dili kr\u0161enja sigurnosti i pomogli vlastima u slu\u010daju bilo kakvih kr\u0161enja.<\/p>\n<h2><\/h2>\n<h2><strong>Djeca<\/strong><\/h2>\n<p>Ne namjeravamo prikupljati ili svjesno prikupljati podatke od djece.\u00a0Ne ciljamo djecu na na\u0161e usluge.<strong>\u00a0<\/strong><\/p>\n<h2><\/h2>\n<h2><strong>Kola\u010di\u0107e i druge tehnologije koje koristimo<\/strong><\/h2>\n<p>Mi koristimo kola\u010di\u0107e i \/ ili sli\u010dne tehnologije za analizu pona\u0161anja kupaca, administriranje web stranice, pra\u0107enje pokreta korisnika i prikupljanje informacija o korisnicima.\u00a0To je u\u010dinjeno kako bismo personalizirali i pobolj\u0161ali svoje iskustvo s nama.<\/p>\n<p>Kola\u010di\u0107 je mala tekstualna datoteka pohranjena na va\u0161em ra\u010dunalu.\u00a0Kola\u010di\u0107i pohranjuju informacije koje se koriste kako bi stranice radile.\u00a0Samo mi mo\u017eemo pristupiti kola\u010di\u0107ima koje je izradila na\u0161a web-lokacija.\u00a0Kola\u010di\u0107e mo\u017eete kontrolirati na razini preglednika.\u00a0Odabirom onemogu\u0107avanja kola\u010di\u0107a mo\u017eete sprije\u010diti kori\u0161tenje odre\u0111enih funkcija.<\/p>\n<h3><strong>Kola\u010di\u0107e koristimo za sljede\u0107e svrhe:<\/strong><\/h3>\n<ul>\n<li>Potrebni kola\u010di\u0107i &#8211; ti su kola\u010di\u0107i potrebni za kori\u0161tenje nekih va\u017enih zna\u010dajki na na\u0161oj web-lokaciji, kao \u0161to je prijavljivanje. Ovi kola\u010di\u0107i ne prikupljaju nikakve osobne podatke.<\/li>\n<li>Kola\u010di\u0107i funkcionalnosti &#8211; ovi kola\u010di\u0107i pru\u017eaju funkcionalnost koja \u010dini kori\u0161tenje na\u0161e usluge prakti\u010dnijim i omogu\u0107uje pru\u017eanje vi\u0161e personaliziranih zna\u010dajki.Na primjer, mogli bi zapamtiti va\u0161e ime i e-po\u0161tu u obrascima za komentare tako da ne morate ponovno unijeti te informacije sljede\u0107i put kada komentirate.<\/li>\n<li>Kola\u010di\u0107i usluge Analytics &#8211; ti se kola\u010di\u0107i koriste za pra\u0107enje kori\u0161tenja i izvedbe na\u0161e web-lokacije i usluga<\/li>\n<li>Ogla\u0161avanje kola\u010di\u0107a &#8211; ti kola\u010di\u0107i se koriste za isporuku oglasa koji su relevantni za vas i va\u0161e interese.Osim toga, koriste se za ograni\u010davanje broja prikaza oglasa.\u00a0Obi\u010dno se postavljaju na web-lokaciju putem reklamnih mre\u017ea s dopu\u0161tenjem operatera web-lokacije.\u00a0Ovi kola\u010di\u0107i pamte da ste posjetili web-lokaciju i da se te informacije dijele s drugim organizacijama, kao \u0161to su ogla\u0161iva\u010di.\u00a0\u010cesto se ciljanje ili ogla\u0161avanje kola\u010di\u0107a povezuje s funkcionalno\u0161\u0107u web-lokacije koju pru\u017ea druga organizacija.<\/li>\n<\/ul>\n<p>Kola\u010di\u0107e pohranjene na ra\u010dunalu mo\u017eete ukloniti putem postavki preglednika.\u00a0Alternativno, mo\u017eete kontrolirati neke kola\u010di\u0107e tre\u0107ih strana pomo\u0107u platforme za pobolj\u0161anje privatnosti, kao \u0161to je\u00a0<a href=\"http:\/\/optout.aboutads.info\/%23!\/#!\/\">optout.aboutads.info<\/a>\u00a0ili\u00a0<a href=\"http:\/\/www.youronlinechoices.com\/\">youronlinechoices.com<\/a>\u00a0.\u00a0Za vi\u0161e informacija o kola\u010di\u0107ima posjetite\u00a0<a href=\"http:\/\/www.allaboutcookies.org\">allaboutcookies.org<\/a>\u00a0.<\/p>\n<p>Google Analytics upotrebljavamo za mjerenje prometa na na\u0161oj web-lokaciji.\u00a0Google ima vlastita pravila o privatnosti koja mo\u017eete pregledati\u00a0<a href=\"https:\/\/support.google.com\/analytics\/answer\/6004245\">ovdje<\/a>\u00a0.\u00a0Ako se \u017eelite isklju\u010diti iz pra\u0107enja putem usluge Google Analytics, posjetite stranicu za\u00a0<a href=\"https:\/\/tools.google.com\/dlpage\/gaoptout\">isklju\u010divanje usluge Google Analytics<\/a>\u00a0.<\/p>\n<h3>Kontakt slu\u017ebenika za za\u0161titu podataka<\/h3>\n<ul>\n<li>Adresa: Trg dr. Franje Tu\u0111mana 1, 21403 Sutivan<\/li>\n<li>Telefon\/fax.: +385 (0)21 638 357<\/li>\n<li>E-mail: <a href=\"mailto:tzo-sutivan@inet.hr\">tzo-sutivan@inet.hr<\/a><\/li>\n<\/ul>\n<h2><a href=\"https:\/\/www.app.zastitapodataka.hr\/klijent\/tz-opcine-sutivan\" target=\"_blank\" rel=\"noopener noreferrer\"><strong><img loading=\"lazy\" class=\"alignnone size-full wp-image-2374\" src=\"https:\/\/visitsutivan.com\/wp-content\/uploads\/2020\/03\/widget1.jpg\" alt=\"\" width=\"180\" height=\"90\" \/><\/strong><\/a><\/h2>\n<h2><strong>Izmjene ovih pravila o privatnosti<\/strong><\/h2>\n<p>Zadr\u017eavamo pravo izmjene ovog Pravila o privatnosti.<br \/>\nPosljednja izmjena izvr\u0161ena je 17. o\u017eujka 2020. godine.<\/p>\n<p>&nbsp;<\/p>\n","protected":false},"excerpt":{"rendered":"<p>Pravila privatnosti Turisti\u010dka zajednica Supetar je posve\u0107ena o\u010duvanju va\u0161e privatnosti. Kontaktirajte nas na tzosutivan@gmail.com\u00a0ako imate bilo kakvih pitanja ili problema vezanih uz kori\u0161tenje Va\u0161ih osobnih podataka\u00a0\u00a0\u00a0i rado \u0107emo vam pomo\u0107i&#8230;.<\/p>\n","protected":false},"author":2,"featured_media":0,"parent":0,"menu_order":0,"comment_status":"closed","ping_status":"closed","template":"","meta":[],"_links":{"self":[{"href":"https:\/\/visitsutivan.com\/hr\/wp-json\/wp\/v2\/pages\/576"}],"collection":[{"href":"https:\/\/visitsutivan.com\/hr\/wp-json\/wp\/v2\/pages"}],"about":[{"href":"https:\/\/visitsutivan.com\/hr\/wp-json\/wp\/v2\/types\/page"}],"author":[{"embeddable":true,"href":"https:\/\/visitsutivan.com\/hr\/wp-json\/wp\/v2\/users\/2"}],"replies":[{"embeddable":true,"href":"https:\/\/visitsutivan.com\/hr\/wp-json\/wp\/v2\/comments?post=576"}],"version-history":[{"count":3,"href":"https:\/\/visitsutivan.com\/hr\/wp-json\/wp\/v2\/pages\/576\/revisions"}],"predecessor-version":[{"id":2378,"href":"https:\/\/visitsutivan.com\/hr\/wp-json\/wp\/v2\/pages\/576\/revisions\/2378"}],"wp:attachment":[{"href":"https:\/\/visitsutivan.com\/hr\/wp-json\/wp\/v2\/media?parent=576"}],"curies":[{"name":"wp","href":"https:\/\/api.w.org\/{rel}","templated":true}]}}