{"id":504,"date":"2019-05-10T12:41:17","date_gmt":"2019-05-10T12:41:17","guid":{"rendered":"https:\/\/visitsutivan.com\/aktivnosti\/biciklisticka-staza\/"},"modified":"2020-01-14T13:52:24","modified_gmt":"2020-01-14T13:52:24","slug":"bike-friendly-sutivan","status":"publish","type":"page","link":"https:\/\/visitsutivan.com\/hr\/istrazi-sutivan\/bike-friendly-sutivan\/","title":{"rendered":"Bike friendly Sutivan"},"content":{"rendered":"\n\t\t<div id=\"fws_69edb37e7f25c\"  data-midnight=\"dark\"  data-bg-mobile-hidden=\"\" class=\"wpb_row vc_row-fluid vc_row top-level standard_section   \"  style=\"padding-top: 0px; padding-bottom: 0px; \"><div class=\"row-bg-wrap\" data-bg-animation=\"none\"><div class=\"inner-wrap \"><div class=\"row-bg    \"  style=\"\"><\/div><\/div><div class=\"row-bg-overlay\" ><\/div><\/div><div class=\"col span_12 dark left\">\n\t<div  class=\"vc_col-sm-12 wpb_column column_container vc_column_container col no-extra-padding\"  data-t-w-inherits=\"default\" data-border-radius=\"none\" data-shadow=\"none\" data-border-animation=\"\" data-border-animation-delay=\"\" data-border-width=\"none\" data-border-style=\"solid\" data-border-color=\"\" data-bg-cover=\"\" data-padding-pos=\"all\" data-has-bg-color=\"false\" data-bg-color=\"\" data-bg-opacity=\"1\" data-hover-bg=\"\" data-hover-bg-opacity=\"1\" data-animation=\"\" data-delay=\"0\"><div class=\"column-bg-overlay\"><\/div>\n\t\t<div class=\"vc_column-inner\">\n\t\t\t<div class=\"wpb_wrapper\">\n\t\t\t\t<h1 style=\"text-align: center\" class=\"vc_custom_heading\" >Bike friendly Sutivan<\/h1><div class=\"divider-wrap\" data-alignment=\"default\"><div style=\"height: 25px;\" class=\"divider\"><\/div><\/div>\r\n\t<div class=\"wpb_text_column wpb_content_element \" >\r\n\t\t<div class=\"wpb_wrapper\">\r\n\t\t\t<p>Na na\u0161im vjetrovitim biciklisti\u010dkim tematskim stazama, vjetrovi Dalmacije \u0107e vas voditi znanim i neznanim stazama, \u0161umno \u0161apu\u0107u\u0107i drevne sutivanske pri\u010de i legende.<\/p>\n<p>Odabirom vjetra kao novog identiteta Sutivana pokazujemo po\u0161tovanje snazi prirode i utjecaju vjetra na ljude i \u017eivot u ovim krajevima.<\/p>\n<p>Ribari i pomorci oduvijek su s dubokim po\u0161tovanjem vjetar smatrali prijateljem, bez \u010dije pomo\u0107i nisu mogli isploviti i sretno se vratiti ku\u0107i. Zato su vjetrovima u \u010dast ru\u010dno izradili impresivnu ru\u017eu vjetrova na kamenoj koloni ispred Kavanjinovih dvora, u dnu Sutivanske luke, prenose\u0107i novim generacijama poruku o va\u017enosti vjetrova, njihovim imenima i smjerovima iz kojih pu\u0161u.<\/p>\n<p>Odolijevaju\u0107i suncu, ki\u0161i i vremenu, ta je poruka do\u0161la i do nas, inspiriraju\u0107i novi identitet Sutivana kao modernog oto\u010dkog mjesta s dubokom tradicijom.<\/p>\n<p>Svojom vjetrovitom pri\u010dom, Sutivan vas vodi stazama LEVANTA, MAESTRALA i TRAMUNTANE .<\/p>\n<p>Ukoliko u svojoj vo\u017enji biciklom \u017eelite u\u017eivati u svakom trenutku, diviti se za\u010dudnim i raznolikim prizorima oko vas, punim plu\u0107ima udisati mirisni oto\u010dki zrak, oslu\u0161kivati stalni huk tisu\u0107e cvr\u010daka i otkrivati beskrajno bogatstvo bra\u010dke ba\u0161tine, Sutivan je mjesto za vas.<\/p>\n<p>A kada se vratite s takve nadahnjuju\u0107e vo\u017enje, dojmove mo\u017eete sabrati u sutivanskim BIKE FRIENDLY kafi\u0107ima, okrijepiti se u BIKE FRIENDLY restoranima i, naposlijetku, odmoriti se i pripremiti za novu pustolovinu u na\u0161im BIKE FRIENDLY apartmanima.<\/p>\n<p>Na\u0161a je dobrodo\u0161lica prijateljima ve\u0107 stolje\u0107ima uklesana u kamen Kavanjinovih dvora. Vrata (i uli\u010dice) na\u0161eg malog gradi\u0107a sada su \u0161irom otvorena i prijateljima na biciklima.<\/p>\n<p>Dobrodo\u0161li u Sutivan, s vjetrom u le\u0111a.<\/p>\n\r\n\t\t<\/div>\r\n\t<\/div>\r\n\n\t<div class=\"wpb_video_widget wpb_content_element vc_clearfix   vc_video-aspect-ratio-169 vc_video-el-width-100 vc_video-align-left\" >\n\t\t<div class=\"wpb_wrapper\">\n\t\t\t\n\t\t\t<div class=\"wpb_video_wrapper\"><iframe title=\"Boris Johnson loves Sutivan\" width=\"1080\" height=\"608\" src=\"https:\/\/www.youtube.com\/embed\/GLRpdM3LGbQ?feature=oembed\" frameborder=\"0\" allow=\"accelerometer; autoplay; encrypted-media; gyroscope; picture-in-picture\" allowfullscreen><\/iframe><\/div>\n\t\t<\/div>\n\t<\/div>\n\n\t\t\t<\/div> \n\t\t<\/div>\n\t<\/div> \n<\/div><\/div>\n\t\t<div id=\"fws_69edb37e807ed\"  data-midnight=\"dark\" data-top-percent=\"6%\"  data-bg-mobile-hidden=\"\" class=\"wpb_row vc_row-fluid vc_row full-width-section standard_section   \"  style=\"padding-top: calc(100vw * 0.06); padding-bottom: 25px; \"><div class=\"row-bg-wrap\" data-bg-animation=\"none\"><div class=\"inner-wrap \"><div class=\"row-bg  using-bg-color  \"  style=\"background-color: #ffffff; \"><\/div><\/div><div class=\"row-bg-overlay\" ><\/div><\/div><div class=\"col span_12 dark left\">\n\t<div  class=\"vc_col-sm-4 wpb_column column_container vc_column_container col no-extra-padding\"  data-t-w-inherits=\"default\" data-border-radius=\"none\" data-shadow=\"none\" data-border-animation=\"\" data-border-animation-delay=\"\" data-border-width=\"none\" data-border-style=\"solid\" data-border-color=\"\" data-bg-cover=\"\" data-padding-pos=\"all\" data-has-bg-color=\"false\" data-bg-color=\"\" data-bg-opacity=\"1\" data-hover-bg=\"\" data-hover-bg-opacity=\"1\" data-animation=\"\" data-delay=\"0\"><div class=\"column-bg-overlay\"><\/div>\n\t\t<div class=\"vc_column-inner\">\n\t\t\t<div class=\"wpb_wrapper\">\n\t\t\t\t<div class=\"nectar-fancy-box style-5 using-img \" data-style=\"parallax_hover\" data-animation=\"\" data-delay=\"\" data-color=\"accent-color\"><a  href=\"\/hr\/istrazi-sutivan\/bike-friendly-sutivan\/staze\/\" class=\"box-link\"><\/a><div class=\"parallaxImg\"><div class=\"parallaxImg-layer\" data-img=\"https:\/\/visitsutivan.com\/wp-content\/uploads\/2019\/07\/staze.jpg\"><\/div><div class=\"parallaxImg-layer\"> <div class=\"meta-wrap\" style=\"min-height: 300px\"><div class=\"inner\">\n<h2>Staze<\/h2>\n<\/div> <\/div><\/div><\/div><\/div>\n\t\t\t<\/div> \n\t\t<\/div>\n\t<\/div> \n\n\t<div  class=\"vc_col-sm-4 wpb_column column_container vc_column_container col no-extra-padding\"  data-t-w-inherits=\"default\" data-border-radius=\"none\" data-shadow=\"none\" data-border-animation=\"\" data-border-animation-delay=\"\" data-border-width=\"none\" data-border-style=\"solid\" data-border-color=\"\" data-bg-cover=\"\" data-padding-pos=\"all\" data-has-bg-color=\"false\" data-bg-color=\"\" data-bg-opacity=\"1\" data-hover-bg=\"\" data-hover-bg-opacity=\"1\" data-animation=\"\" data-delay=\"0\"><div class=\"column-bg-overlay\"><\/div>\n\t\t<div class=\"vc_column-inner\">\n\t\t\t<div class=\"wpb_wrapper\">\n\t\t\t\t<div class=\"nectar-fancy-box style-5 using-img \" data-style=\"parallax_hover\" data-animation=\"\" data-delay=\"\" data-color=\"accent-color\"><a  href=\"\/hr\/istrazi-sutivan\/bike-friendly-sutivan\/biciklisticko-odmoriste-tatinja\/\" class=\"box-link\"><\/a><div class=\"parallaxImg\"><div class=\"parallaxImg-layer\" data-img=\"https:\/\/visitsutivan.com\/wp-content\/uploads\/2019\/07\/tatinja-odmaraliste.jpg\"><\/div><div class=\"parallaxImg-layer\"> <div class=\"meta-wrap\" style=\"min-height: 300px\"><div class=\"inner\">\n<h2>Biciklisti\u010dko odmori\u0161te Tatinja<\/h2>\n<\/div> <\/div><\/div><\/div><\/div>\n\t\t\t<\/div> \n\t\t<\/div>\n\t<\/div> \n\n\t<div  class=\"vc_col-sm-4 wpb_column column_container vc_column_container col no-extra-padding\"  data-t-w-inherits=\"default\" data-border-radius=\"none\" data-shadow=\"none\" data-border-animation=\"\" data-border-animation-delay=\"\" data-border-width=\"none\" data-border-style=\"solid\" data-border-color=\"\" data-bg-cover=\"\" data-padding-pos=\"all\" data-has-bg-color=\"false\" data-bg-color=\"\" data-bg-opacity=\"1\" data-hover-bg=\"\" data-hover-bg-opacity=\"1\" data-animation=\"\" data-delay=\"0\"><div class=\"column-bg-overlay\"><\/div>\n\t\t<div class=\"vc_column-inner\">\n\t\t\t<div class=\"wpb_wrapper\">\n\t\t\t\t<div class=\"nectar-fancy-box style-5 using-img \" data-style=\"parallax_hover\" data-animation=\"\" data-delay=\"\" data-color=\"accent-color\"><a target=\"_blank\" href=\"https:\/\/www.uvati-vitar.hr\/\" class=\"box-link\"><\/a><div class=\"parallaxImg\"><div class=\"parallaxImg-layer\" data-img=\"https:\/\/visitsutivan.com\/wp-content\/uploads\/2020\/01\/uvati-vitar.jpg\"><\/div><div class=\"parallaxImg-layer\"> <div class=\"meta-wrap\" style=\"min-height: 300px\"><div class=\"inner\">\n<h2>Biciklisti\u010dki maraton, svibanj<\/h2>\n<\/div> <\/div><\/div><\/div><\/div>\n\t\t\t<\/div> \n\t\t<\/div>\n\t<\/div> \n<\/div><\/div>\n","protected":false},"excerpt":{"rendered":"Bike friendly Sutivan Na na\u0161im vjetrovitim biciklisti\u010dkim tematskim stazama, vjetrovi Dalmacije \u0107e vas voditi znanim i neznanim stazama, \u0161umno \u0161apu\u0107u\u0107i drevne sutivanske pri\u010de i legende. Odabirom vjetra kao novog identiteta...","protected":false},"author":2,"featured_media":1765,"parent":514,"menu_order":0,"comment_status":"closed","ping_status":"closed","template":"","meta":[],"_links":{"self":[{"href":"https:\/\/visitsutivan.com\/hr\/wp-json\/wp\/v2\/pages\/504"}],"collection":[{"href":"https:\/\/visitsutivan.com\/hr\/wp-json\/wp\/v2\/pages"}],"about":[{"href":"https:\/\/visitsutivan.com\/hr\/wp-json\/wp\/v2\/types\/page"}],"author":[{"embeddable":true,"href":"https:\/\/visitsutivan.com\/hr\/wp-json\/wp\/v2\/users\/2"}],"replies":[{"embeddable":true,"href":"https:\/\/visitsutivan.com\/hr\/wp-json\/wp\/v2\/comments?post=504"}],"version-history":[{"count":1,"href":"https:\/\/visitsutivan.com\/hr\/wp-json\/wp\/v2\/pages\/504\/revisions"}],"predecessor-version":[{"id":1796,"href":"https:\/\/visitsutivan.com\/hr\/wp-json\/wp\/v2\/pages\/504\/revisions\/1796"}],"up":[{"embeddable":true,"href":"https:\/\/visitsutivan.com\/hr\/wp-json\/wp\/v2\/pages\/514"}],"wp:featuredmedia":[{"embeddable":true,"href":"https:\/\/visitsutivan.com\/hr\/wp-json\/wp\/v2\/media\/1765"}],"wp:attachment":[{"href":"https:\/\/visitsutivan.com\/hr\/wp-json\/wp\/v2\/media?parent=504"}],"curies":[{"name":"wp","href":"https:\/\/api.w.org\/{rel}","templated":true}]}}