{"id":498,"date":"2019-05-10T13:34:33","date_gmt":"2019-05-10T13:34:33","guid":{"rendered":"https:\/\/visitsutivan.com\/aktivnosti\/morska-staza\/"},"modified":"2019-11-30T12:34:17","modified_gmt":"2019-11-30T12:34:17","slug":"morska-staza","status":"publish","type":"page","link":"https:\/\/visitsutivan.com\/hr\/istrazi-sutivan\/morska-staza\/","title":{"rendered":"Uzmorska staza"},"content":{"rendered":"\n\t\t<div id=\"fws_6a033c0436a3a\"  data-midnight=\"dark\"  data-bg-mobile-hidden=\"\" class=\"wpb_row vc_row-fluid vc_row top-level standard_section   \"  style=\"padding-top: 0px; padding-bottom: 0px; \"><div class=\"row-bg-wrap\" data-bg-animation=\"none\"><div class=\"inner-wrap \"><div class=\"row-bg    \"  style=\"\"><\/div><\/div><div class=\"row-bg-overlay\" ><\/div><\/div><div class=\"col span_12 dark left\">\n\t<div  class=\"vc_col-sm-12 wpb_column column_container vc_column_container col no-extra-padding\"  data-t-w-inherits=\"default\" data-border-radius=\"none\" data-shadow=\"none\" data-border-animation=\"\" data-border-animation-delay=\"\" data-border-width=\"none\" data-border-style=\"solid\" data-border-color=\"\" data-bg-cover=\"\" data-padding-pos=\"all\" data-has-bg-color=\"false\" data-bg-color=\"\" data-bg-opacity=\"1\" data-hover-bg=\"\" data-hover-bg-opacity=\"1\" data-animation=\"\" data-delay=\"0\"><div class=\"column-bg-overlay\"><\/div>\n\t\t<div class=\"vc_column-inner\">\n\t\t\t<div class=\"wpb_wrapper\">\n\t\t\t\t<h1 style=\"text-align: center\" class=\"vc_custom_heading\" >Uzmorska staza<\/h1>\r\n\t<div class=\"wpb_text_column wpb_content_element \" >\r\n\t\t<div class=\"wpb_wrapper\">\r\n\t\t\t<p style=\"text-align: center;\"><span style=\"font-size: 18pt;\">Dio projekta \u0107e biti realiziran do kraja 2019, a drugi dio u 2020.<\/span><\/p>\n\r\n\t\t<\/div>\r\n\t<\/div>\r\n\r\n\t<div class=\"wpb_text_column wpb_content_element  vc_custom_1575023534953\" >\r\n\t\t<div class=\"wpb_wrapper\">\r\n\t\t\t<p style=\"text-align: center;\"><span style=\"font-size: 18pt;\">Partner<\/span><\/p>\n\r\n\t\t<\/div>\r\n\t<\/div>\r\n\r\n    \t<div id=\"fws_6a033c04372e4\" data-midnight=\"\" data-column-margin=\"default\" data-bg-mobile-hidden=\"\" class=\"wpb_row vc_row-fluid vc_row inner_row  vc_row-o-equal-height vc_row-flex  vc_row-o-content-middle standard_section    \"  style=\"padding-top: 0px; padding-bottom: 0px; \"><div class=\"row-bg-wrap\"> <div class=\"row-bg   \"  style=\"\"><\/div> <\/div><div class=\"col span_12  left\">\n\t<div  class=\"vc_col-sm-6 vc_hidden-sm vc_hidden-xs wpb_column column_container vc_column_container col no-extra-padding\"   data-t-w-inherits=\"default\" data-shadow=\"none\" data-border-radius=\"none\" data-border-animation=\"\" data-border-animation-delay=\"\" data-border-width=\"none\" data-border-style=\"solid\" data-border-color=\"\" data-bg-cover=\"\" data-padding-pos=\"all\" data-has-bg-color=\"false\" data-bg-color=\"\" data-bg-opacity=\"1\" data-hover-bg=\"\" data-hover-bg-opacity=\"1\" data-animation=\"\" data-delay=\"0\"><div class=\"column-bg-overlay\"><\/div>\n\t\t<div class=\"vc_column-inner\">\n\t\t<div class=\"wpb_wrapper\">\n\t\t\t<div class=\"img-with-aniamtion-wrap center\" data-max-width=\"100%\" data-border-radius=\"none\"><div class=\"inner\"><a href=\"https:\/\/www.dalmacija.hr\/\" target=\"_blank\" class=\"center\"><img data-shadow=\"none\" data-shadow-direction=\"middle\" class=\"img-with-animation skip-lazy \" data-delay=\"0\" height=\"726\" width=\"1102\"  data-animation=\"none\" src=\"https:\/\/visitsutivan.com\/wp-content\/uploads\/2019\/11\/Splitsko-dalmatinska-zupanija-logo.png\" srcset=\"https:\/\/visitsutivan.com\/wp-content\/uploads\/2019\/11\/Splitsko-dalmatinska-zupanija-logo.png 1102w, https:\/\/visitsutivan.com\/wp-content\/uploads\/2019\/11\/Splitsko-dalmatinska-zupanija-logo-300x198.png 300w, https:\/\/visitsutivan.com\/wp-content\/uploads\/2019\/11\/Splitsko-dalmatinska-zupanija-logo-768x506.png 768w, https:\/\/visitsutivan.com\/wp-content\/uploads\/2019\/11\/Splitsko-dalmatinska-zupanija-logo-1024x675.png 1024w\" sizes=\"100vw\" alt=\"\" \/><\/a><\/div><\/div>\n\t\t<\/div> \n\t<\/div>\n\t<\/div> \n\n\t<div  class=\"vc_col-sm-6 wpb_column column_container vc_column_container col no-extra-padding\"   data-t-w-inherits=\"default\" data-shadow=\"none\" data-border-radius=\"none\" data-border-animation=\"\" data-border-animation-delay=\"\" data-border-width=\"none\" data-border-style=\"solid\" data-border-color=\"\" data-bg-cover=\"\" data-padding-pos=\"all\" data-has-bg-color=\"false\" data-bg-color=\"\" data-bg-opacity=\"1\" data-hover-bg=\"\" data-hover-bg-opacity=\"1\" data-animation=\"\" data-delay=\"0\"><div class=\"column-bg-overlay\"><\/div>\n\t\t<div class=\"vc_column-inner\">\n\t\t<div class=\"wpb_wrapper\">\n\t\t\t<div class=\"img-with-aniamtion-wrap center\" data-max-width=\"100%\" data-border-radius=\"none\"><div class=\"inner\"><a href=\"https:\/\/www.pomorskodobro.dalmacija.hr\/\" target=\"_blank\" class=\"center\"><img data-shadow=\"none\" data-shadow-direction=\"middle\" class=\"img-with-animation skip-lazy \" data-delay=\"0\" height=\"150\" width=\"250\"  data-animation=\"none\" src=\"https:\/\/visitsutivan.com\/wp-content\/uploads\/2019\/11\/POMORSKO-je-DOBRO_logo-07.png\"  alt=\"\" \/><\/a><\/div><\/div>\n\t\t<\/div> \n\t<\/div>\n\t<\/div> \n<\/div><\/div><div class=\"divider-wrap\" data-alignment=\"default\"><div style=\"height: 25px;\" class=\"divider\"><\/div><\/div>\r\n\t<div class=\"wpb_text_column wpb_content_element \" >\r\n\t\t<div class=\"wpb_wrapper\">\r\n\t\t\t<form autocomplete=\"off\" name=\"wpv-filter-456\" action=\"\/hr\/wp-json\/wp\/v2\/pages\/498?wpv_view_count=456\" method=\"get\" class=\"wpv-filter-form js-wpv-filter-form js-wpv-filter-form-456 js-wpv-form-full\" data-viewnumber=\"456\" data-viewid=\"456\" data-viewhash=\"eyJuYW1lIjoic2VhLXRyYWlsLXZpZXcifQ==\" data-viewwidgetid=\"0\" data-orderby=\"\" data-order=\"\" data-orderbyas=\"\" data-orderbysecond=\"\" data-ordersecond=\"\" data-parametric=\"{&quot;query&quot;:&quot;normal&quot;,&quot;id&quot;:456,&quot;view_id&quot;:456,&quot;widget_id&quot;:0,&quot;view_hash&quot;:&quot;456&quot;,&quot;action&quot;:&quot;\\\/hr\\\/wp-json\\\/wp\\\/v2\\\/pages\\\/498?wpv_view_count=456&quot;,&quot;sort&quot;:{&quot;orderby&quot;:&quot;&quot;,&quot;order&quot;:&quot;&quot;,&quot;orderby_as&quot;:&quot;&quot;,&quot;orderby_second&quot;:&quot;&quot;,&quot;order_second&quot;:&quot;&quot;},&quot;orderby&quot;:&quot;&quot;,&quot;order&quot;:&quot;&quot;,&quot;orderby_as&quot;:&quot;&quot;,&quot;orderby_second&quot;:&quot;&quot;,&quot;order_second&quot;:&quot;&quot;,&quot;ajax_form&quot;:&quot;&quot;,&quot;ajax_results&quot;:&quot;&quot;,&quot;effect&quot;:&quot;fade&quot;,&quot;prebefore&quot;:&quot;&quot;,&quot;before&quot;:&quot;&quot;,&quot;after&quot;:&quot;&quot;,&quot;attributes&quot;:[],&quot;environment&quot;:{&quot;current_post_id&quot;:498,&quot;parent_post_id&quot;:498,&quot;parent_term_id&quot;:0,&quot;parent_user_id&quot;:0,&quot;archive&quot;:{&quot;type&quot;:&quot;&quot;,&quot;name&quot;:&quot;&quot;,&quot;data&quot;:[]}},&quot;loop&quot;:{&quot;type&quot;:&quot;&quot;,&quot;name&quot;:&quot;&quot;,&quot;data&quot;:[],&quot;id&quot;:0}}\" data-attributes=\"[]\" data-environment=\"{&quot;current_post_id&quot;:498,&quot;parent_post_id&quot;:498,&quot;parent_term_id&quot;:0,&quot;parent_user_id&quot;:0,&quot;archive&quot;:{&quot;type&quot;:&quot;&quot;,&quot;name&quot;:&quot;&quot;,&quot;data&quot;:[]}}\"><input type=\"hidden\" class=\"js-wpv-dps-filter-data js-wpv-filter-data-for-this-form\" data-action=\"\/hr\/wp-json\/wp\/v2\/pages\/498?wpv_view_count=456\" data-page=\"1\" data-ajax=\"disable\" data-effect=\"fade\" data-maxpages=\"1\" data-ajaxprebefore=\"\" data-ajaxbefore=\"\" data-ajaxafter=\"\" \/><input class=\"wpv_view_count wpv_view_count-456\" type=\"hidden\" name=\"wpv_view_count\" value=\"456\" \/>\n\n<\/form>\n<div class=\"card-listing-wrapper full-width\">\n<div id=\"wpv-view-layout-456\" class=\"js-wpv-view-layout js-wpv-layout-responsive js-wpv-view-layout-456\" data-viewnumber=\"456\" data-pagination=\"{&quot;id&quot;:456,&quot;query&quot;:&quot;normal&quot;,&quot;type&quot;:&quot;paged&quot;,&quot;effect&quot;:&quot;fade&quot;,&quot;duration&quot;:&quot;500&quot;,&quot;speed&quot;:&quot;5&quot;,&quot;pause_on_hover&quot;:&quot;disabled&quot;,&quot;stop_rollover&quot;:&quot;false&quot;,&quot;cache_pages&quot;:&quot;enabled&quot;,&quot;preload_images&quot;:&quot;enabled&quot;,&quot;preload_pages&quot;:&quot;enabled&quot;,&quot;preload_reach&quot;:&quot;1&quot;,&quot;spinner&quot;:&quot;builtin&quot;,&quot;spinner_image&quot;:&quot;https:\/\/visitsutivan.com\/wp-content\/plugins\/wp-views\/embedded\/res\/img\/ajax-loader.gif&quot;,&quot;callback_next&quot;:&quot;&quot;,&quot;manage_history&quot;:&quot;enabled&quot;,&quot;has_controls_in_form&quot;:&quot;disabled&quot;,&quot;infinite_tolerance&quot;:&quot;0&quot;,&quot;max_pages&quot;:1,&quot;page&quot;:1,&quot;base_permalink&quot;:&quot;\/hr\/wp-json\/wp\/v2\/pages\/498?wpv_view_count=456&amp;wpv_paged=WPV_PAGE_NUM&quot;,&quot;loop&quot;:{&quot;type&quot;:&quot;&quot;,&quot;name&quot;:&quot;&quot;,&quot;data&quot;:[],&quot;id&quot;:0}}\" data-permalink=\"\/hr\/wp-json\/wp\/v2\/pages\/498?wpv_view_count=456\">\n\n\t\n\t\n\t\n\t\t<div class=\"card-wrapper default-card\">\n<div class=\"card-wrapper-inner\">\n  <div class=\"card-image\" style=\"background: url('')\"><a href=\"https:\/\/visitsutivan.com\/hr\/istrazi-sutivan\/morska-staza\/anticki-brodolom-likva\/\"><\/a><\/div> \n  <div class=\"card-info-wrapper\">\n    <p class=\"card-category\">\n    <p class=\"card-title truncate\"><a href=\"https:\/\/visitsutivan.com\/hr\/istrazi-sutivan\/morska-staza\/anticki-brodolom-likva\/\">Anti\u010dki brodolom Likva<\/a>\n    <\/div>\n  <\/div>\n<\/div>\n\t\n\t\t<div class=\"card-wrapper default-card\">\n<div class=\"card-wrapper-inner\">\n  <div class=\"card-image\" style=\"background: url('https:\/\/visitsutivan.com\/wp-content\/uploads\/2019\/07\/gustrida_2-1024x750.jpg')\"><a href=\"https:\/\/visitsutivan.com\/hr\/istrazi-sutivan\/morska-staza\/gustrida-u-uvali-likva\/\"><\/a><\/div> \n  <div class=\"card-info-wrapper\">\n    <p class=\"card-category\">\n    <p class=\"card-title truncate\"><a href=\"https:\/\/visitsutivan.com\/hr\/istrazi-sutivan\/morska-staza\/gustrida-u-uvali-likva\/\">Gustrida u uvali Likva<\/a>\n    <\/div>\n  <\/div>\n<\/div>\n\t\n\t\t<div class=\"card-wrapper default-card\">\n<div class=\"card-wrapper-inner\">\n  <div class=\"card-image\" style=\"background: url('')\"><a href=\"https:\/\/visitsutivan.com\/hr\/istrazi-sutivan\/morska-staza\/japnenka-deralo\/\"><\/a><\/div> \n  <div class=\"card-info-wrapper\">\n    <p class=\"card-category\">\n    <p class=\"card-title truncate\"><a href=\"https:\/\/visitsutivan.com\/hr\/istrazi-sutivan\/morska-staza\/japnenka-deralo\/\">Japnenka Deralo<\/a>\n    <\/div>\n  <\/div>\n<\/div>\n\t\n\t\t<div class=\"card-wrapper default-card\">\n<div class=\"card-wrapper-inner\">\n  <div class=\"card-image\" style=\"background: url('https:\/\/visitsutivan.com\/wp-content\/uploads\/2019\/07\/geologija_2-1024x681.jpg')\"><a href=\"https:\/\/visitsutivan.com\/hr\/istrazi-sutivan\/morska-staza\/geo-tocka\/\"><\/a><\/div> \n  <div class=\"card-info-wrapper\">\n    <p class=\"card-category\">\n    <p class=\"card-title truncate\"><a href=\"https:\/\/visitsutivan.com\/hr\/istrazi-sutivan\/morska-staza\/geo-tocka\/\">Geo to\u010dka<\/a>\n    <\/div>\n  <\/div>\n<\/div>\n\t\n\t\t<div class=\"card-wrapper default-card\">\n<div class=\"card-wrapper-inner\">\n  <div class=\"card-image\" style=\"background: url('https:\/\/visitsutivan.com\/wp-content\/uploads\/2019\/07\/natura_2-768x1024.jpg')\"><a href=\"https:\/\/visitsutivan.com\/hr\/istrazi-sutivan\/morska-staza\/natura-2000-podmorje-od-sutivana-do-uvale-stipanska\/\"><\/a><\/div> \n  <div class=\"card-info-wrapper\">\n    <p class=\"card-category\">\n    <p class=\"card-title truncate\"><a href=\"https:\/\/visitsutivan.com\/hr\/istrazi-sutivan\/morska-staza\/natura-2000-podmorje-od-sutivana-do-uvale-stipanska\/\">Natura 2000. \u2013 podmorje od Sutivana do uvale Stipanska<\/a>\n    <\/div>\n  <\/div>\n<\/div>\n\t\n\t\t<div class=\"card-wrapper default-card\">\n<div class=\"card-wrapper-inner\">\n  <div class=\"card-image\" style=\"background: url('https:\/\/visitsutivan.com\/wp-content\/uploads\/2019\/07\/vicja_luka_2-1024x579.jpg')\"><a href=\"https:\/\/visitsutivan.com\/hr\/istrazi-sutivan\/morska-staza\/vicja-luka-arheolosko-nalaziste\/\"><\/a><\/div> \n  <div class=\"card-info-wrapper\">\n    <p class=\"card-category\">\n    <p class=\"card-title truncate\"><a href=\"https:\/\/visitsutivan.com\/hr\/istrazi-sutivan\/morska-staza\/vicja-luka-arheolosko-nalaziste\/\">Vi\u010dja luka arheolo\u0161ko nalazi\u0161te<\/a>\n    <\/div>\n  <\/div>\n<\/div>\n\t\n\t\t<div class=\"card-wrapper default-card\">\n<div class=\"card-wrapper-inner\">\n  <div class=\"card-image\" style=\"background: url('https:\/\/visitsutivan.com\/wp-content\/uploads\/2019\/07\/svjuraj_2-1024x768.jpg')\"><a href=\"https:\/\/visitsutivan.com\/hr\/istrazi-sutivan\/morska-staza\/crkveni-ostaci-crkvice-sv-jurja\/\"><\/a><\/div> \n  <div class=\"card-info-wrapper\">\n    <p class=\"card-category\">\n    <p class=\"card-title truncate\"><a href=\"https:\/\/visitsutivan.com\/hr\/istrazi-sutivan\/morska-staza\/crkveni-ostaci-crkvice-sv-jurja\/\">Crkveni ostaci crkvice Sv.Jurja<\/a>\n    <\/div>\n  <\/div>\n<\/div>\n\t\n\n\t\n\t\n\t\n<\/div>\n<\/div>\n\r\n\t\t<\/div>\r\n\t<\/div>\r\n\n\t\t\t<\/div> \n\t\t<\/div>\n\t<\/div> \n<\/div><\/div>\n","protected":false},"excerpt":{"rendered":"Uzmorska staza Dio projekta \u0107e biti realiziran do kraja 2019, a drugi dio u 2020. Partner {!{wpv-view name='sea-trail-view'}!}","protected":false},"author":2,"featured_media":0,"parent":514,"menu_order":0,"comment_status":"closed","ping_status":"closed","template":"","meta":[],"_links":{"self":[{"href":"https:\/\/visitsutivan.com\/hr\/wp-json\/wp\/v2\/pages\/498"}],"collection":[{"href":"https:\/\/visitsutivan.com\/hr\/wp-json\/wp\/v2\/pages"}],"about":[{"href":"https:\/\/visitsutivan.com\/hr\/wp-json\/wp\/v2\/types\/page"}],"author":[{"embeddable":true,"href":"https:\/\/visitsutivan.com\/hr\/wp-json\/wp\/v2\/users\/2"}],"replies":[{"embeddable":true,"href":"https:\/\/visitsutivan.com\/hr\/wp-json\/wp\/v2\/comments?post=498"}],"version-history":[{"count":3,"href":"https:\/\/visitsutivan.com\/hr\/wp-json\/wp\/v2\/pages\/498\/revisions"}],"predecessor-version":[{"id":1739,"href":"https:\/\/visitsutivan.com\/hr\/wp-json\/wp\/v2\/pages\/498\/revisions\/1739"}],"up":[{"embeddable":true,"href":"https:\/\/visitsutivan.com\/hr\/wp-json\/wp\/v2\/pages\/514"}],"wp:attachment":[{"href":"https:\/\/visitsutivan.com\/hr\/wp-json\/wp\/v2\/media?parent=498"}],"curies":[{"name":"wp","href":"https:\/\/api.w.org\/{rel}","templated":true}]}}